{"id":4,"date":"2013-01-22T13:51:40","date_gmt":"2013-01-22T12:51:40","guid":{"rendered":"http:\/\/thomatextundbild.wordpress.com\/?page_id=1"},"modified":"2015-02-16T17:39:25","modified_gmt":"2015-02-16T16:39:25","slug":"uber-mich","status":"publish","type":"page","link":"http:\/\/www.thomatextundbild.de\/?page_id=4","title":{"rendered":"\u00dcber mich"},"content":{"rendered":"<p>Ich hei\u00dfe Martin Thoma und arbeite freiberuflich als Journalist, Texter, Lektor und Fotograf. Daneben schreibe ich Lieder und literarische Texte und bin Mitbegr\u00fcnder und Veranstalter des Berliner Filmquiz &#8222;Fang den Film&#8220;. Ich studierte Germanistische Linguistik, \u00c4ltere deutsche Philologie und Kunstgeschichte an der TU Berlin und schloss mein Studium im Jahr 2009 als Magister Artium ab.<\/p>\n<p>Seit 2001 portr\u00e4tiere ich als ehrenamtlicher Fotograf f\u00fcr den Parit\u00e4tischen Wohlfahrtsverband interessante Pers\u00f6nlichkeiten, die sich sozial engagieren oder hilfebed\u00fcrftig sind. F\u00fcr dieses Engagement bekam ich 2012 die Parit\u00e4tische Ehrennadel in Silber verliehen.<\/p>\n","protected":false},"excerpt":{"rendered":"<p>Ich hei\u00dfe Martin Thoma und arbeite freiberuflich als Journalist, Texter, Lektor und Fotograf. Daneben schreibe ich Lieder und literarische Texte und bin Mitbegr\u00fcnder und Veranstalter des Berliner Filmquiz &#8222;Fang den Film&#8220;. Ich studierte Germanistische Linguistik, \u00c4ltere deutsche Philologie und Kunstgeschichte an der TU Berlin und schloss mein Studium im Jahr 2009 als Magister Artium ab. [&hellip;]<\/p>\n","protected":false},"author":1,"featured_media":0,"parent":0,"menu_order":4,"comment_status":"closed","ping_status":"closed","template":"fullwidth-page.php","meta":{"spay_email":"","footnotes":""},"tags":[],"class_list":["post-4","page","type-page","status-publish","hentry"],"jetpack_sharing_enabled":false,"jetpack_shortlink":"https:\/\/wp.me\/P5KvMN-4","_links":{"self":[{"href":"http:\/\/www.thomatextundbild.de\/index.php?rest_route=\/wp\/v2\/pages\/4","targetHints":{"allow":["GET"]}}],"collection":[{"href":"http:\/\/www.thomatextundbild.de\/index.php?rest_route=\/wp\/v2\/pages"}],"about":[{"href":"http:\/\/www.thomatextundbild.de\/index.php?rest_route=\/wp\/v2\/types\/page"}],"author":[{"embeddable":true,"href":"http:\/\/www.thomatextundbild.de\/index.php?rest_route=\/wp\/v2\/users\/1"}],"replies":[{"embeddable":true,"href":"http:\/\/www.thomatextundbild.de\/index.php?rest_route=%2Fwp%2Fv2%2Fcomments&post=4"}],"version-history":[{"count":1,"href":"http:\/\/www.thomatextundbild.de\/index.php?rest_route=\/wp\/v2\/pages\/4\/revisions"}],"predecessor-version":[{"id":200,"href":"http:\/\/www.thomatextundbild.de\/index.php?rest_route=\/wp\/v2\/pages\/4\/revisions\/200"}],"wp:attachment":[{"href":"http:\/\/www.thomatextundbild.de\/index.php?rest_route=%2Fwp%2Fv2%2Fmedia&parent=4"}],"wp:term":[{"taxonomy":"post_tag","embeddable":true,"href":"http:\/\/www.thomatextundbild.de\/index.php?rest_route=%2Fwp%2Fv2%2Ftags&post=4"}],"curies":[{"name":"wp","href":"https:\/\/api.w.org\/{rel}","templated":true}]}}